{"id":29,"date":"2023-10-13T11:41:38","date_gmt":"2023-10-13T11:41:38","guid":{"rendered":"https:\/\/www.bistro11.cz\/?page_id=29"},"modified":"2025-07-25T09:33:55","modified_gmt":"2025-07-25T09:33:55","slug":"denni-menu","status":"publish","type":"page","link":"https:\/\/www.bistro11.cz\/","title":{"rendered":"Denn\u00ed nab\u00eddka"},"content":{"rendered":"\n<p class=\"has-large-font-size\"><strong>Otv\u00edrac\u00ed doba  &#8211;  Po-P\u00e1 6:00-14:30<\/strong> \/ So-Ne zav\u0159eno<\/p>\n\n\n\n<p><strong>V\u00e1\u017een\u00ed z\u00e1kazn\u00edci dovolujeme si V\u00e1s pozvat k n\u00e1m na vydatnou a teplou sn\u00eddani a na opravdu poctiv\u00fd ob\u011bd.<\/strong><\/p>\n\n\n\n<p><mark style=\"background-color:#fff\" class=\"has-inline-color has-black-color\"><strong>O na\u0161e st\u00e1le z<\/strong><\/mark><strong>\u00e1kazn\u00edky pe\u010dujeme za pomoci nejen z\u00e1kaznick\u00e9 karty<\/strong>.<\/p>\n\n\n\n<p>Ve\u0161ker\u00e9 j\u00eddlo V\u00e1m p\u0159ipravuje odborn\u00fd person\u00e1l, kter\u00fd V\u00e1m va\u0159\u00ed s l\u00e1skou a respektem ke gastronomii<strong> .<\/strong><\/p>\n\n\n\n<p>Na n\u00e1\u0161 person\u00e1l jsme hrd\u00ed a taky se sna\u017e\u00edme aby n\u00e1\u0161 person\u00e1l pracoval s radost\u00ed a chut\u00ed .<\/p>\n\n\n\n<p><strong>Va\u0161e dotazy, st\u00ed\u017enosti a p\u0159ipom\u00ednky pi\u0161te pros\u00edm na e-mail :<\/strong> zakaznik@bistro11.cz   <br><em>Tento e-mail je pouze na veden\u00ed BISTRA11<\/em><\/p>\n\n\n\n<p><strong>Na\u0161i kompletn\u00ed a aktualizovanou nab\u00eddku najdete na     <a href=\"https:\/\/www.menicka.cz\/8726-bistro11.html\">www.menicka.cz<\/a><\/strong><\/p>\n\n\n\n<p>Ka\u017ed\u00e9 r\u00e1no m\u00e1me k v\u00fdb\u011bru nejm\u00e9n\u011b ze dvou druh\u016f pol\u00e9vek, r\u016fzn\u00e9 oblo\u017een\u00e9 pe\u010divo, m\u00edchan\u00e1 vaj\u00ed\u010dka, hemenex, grilovan\u00e1 klob\u00e1sa, chleba s vaje\u010dnou omeletou a ostatn\u00ed.<\/p>\n\n\n\n<p>Dovolujeme si z\u00e1kazn\u00edky upozornit na mo\u017enost objedn\u00e1n\u00ed r\u016fzn\u00fdch  druh\u016f oblo\u017een\u00fdch chleb\u00ed\u010dk\u016f , oblo\u017een\u00fdch m\u00eds, raut\u016f a pod..<\/p>\n\n\n\n<p>N\u00e1\u0161 provoz je taky vhodn\u00fd na po\u0159\u00e1d\u00e1n\u00ed r\u016fzn\u00fdch akc\u00ed nebo oslav do 40 osob.<\/p>\n\n\n\n<p><\/p>\n\n\n\n<p>&#8212;&#8212;&#8212;&#8212;&#8212;&#8212;&#8212;&#8212;&#8212;&#8212;&#8212;&#8212;&#8212;&#8212;&#8212;&#8212;&#8212;&#8212;&#8212;&#8212;&#8212;&#8212;&#8212;&#8212;&#8212;&#8212;&#8212;&#8212;&#8212;&#8212;&#8212;&#8212;&#8212;&#8212;&#8212;&#8212;-<\/p>\n\n\n\n<p><\/p>\n\n\n\n<p><\/p>\n\n\n\n<div class=\"wp-block-group is-vertical is-layout-flex wp-container-1 wp-block-group-is-layout-flex\"><\/div>\n\n\n\n<p><\/p>\n\n\n\n<p>&#8212;&#8212;&#8212;&#8212;&#8212;&#8212;&#8212;&#8212;&#8212;&#8212;&#8212;&#8212;&#8212;&#8212;&#8212;&#8212;&#8212;&#8212;&#8212;&#8212;&#8212;&#8212;&#8212;&#8212;&#8212;&#8212;&#8212;&#8212;&#8212;&#8212;&#8212;&#8212;&#8212;&#8212;&#8212;<\/p>\n\n\n\n<p><\/p>\n\n\n\n<p>Dobrou chu\u0165 V\u00e1m p\u0159eje kolektiv BISTRA11 <\/p>\n\n\n\n<p><em>Alergeny jsou k dispozici na vy\u017e\u00e1d\u00e1n\u00ed u obsluhy.<br><\/em><\/p>\n","protected":false},"excerpt":{"rendered":"<p>Otv\u00edrac\u00ed doba &#8211; Po-P\u00e1 6:00-14:30 \/ So-Ne zav\u0159eno V\u00e1\u017een\u00ed z\u00e1kazn\u00edci dovolujeme si V\u00e1s pozvat k n\u00e1m na vydatnou a teplou sn\u00eddani a na opravdu poctiv\u00fd ob\u011bd. O na\u0161e st\u00e1le z\u00e1kazn\u00edky pe\u010dujeme za pomoci nejen z\u00e1kaznick\u00e9 karty. Ve\u0161ker\u00e9 j\u00eddlo V\u00e1m p\u0159ipravuje odborn\u00fd person\u00e1l, kter\u00fd V\u00e1m va\u0159\u00ed s l\u00e1skou a respektem ke gastronomii . Na n\u00e1\u0161 person\u00e1l [&hellip;]<\/p>\n","protected":false},"author":1,"featured_media":0,"parent":0,"menu_order":0,"comment_status":"closed","ping_status":"closed","template":"","meta":{"footnotes":""},"_links":{"self":[{"href":"https:\/\/www.bistro11.cz\/index.php?rest_route=\/wp\/v2\/pages\/29"}],"collection":[{"href":"https:\/\/www.bistro11.cz\/index.php?rest_route=\/wp\/v2\/pages"}],"about":[{"href":"https:\/\/www.bistro11.cz\/index.php?rest_route=\/wp\/v2\/types\/page"}],"author":[{"embeddable":true,"href":"https:\/\/www.bistro11.cz\/index.php?rest_route=\/wp\/v2\/users\/1"}],"replies":[{"embeddable":true,"href":"https:\/\/www.bistro11.cz\/index.php?rest_route=%2Fwp%2Fv2%2Fcomments&post=29"}],"version-history":[{"count":74,"href":"https:\/\/www.bistro11.cz\/index.php?rest_route=\/wp\/v2\/pages\/29\/revisions"}],"predecessor-version":[{"id":319,"href":"https:\/\/www.bistro11.cz\/index.php?rest_route=\/wp\/v2\/pages\/29\/revisions\/319"}],"wp:attachment":[{"href":"https:\/\/www.bistro11.cz\/index.php?rest_route=%2Fwp%2Fv2%2Fmedia&parent=29"}],"curies":[{"name":"wp","href":"https:\/\/api.w.org\/{rel}","templated":true}]}}