{"id":2,"date":"2022-07-26T11:58:29","date_gmt":"2022-07-26T11:58:29","guid":{"rendered":"http:\/\/localhost\/wordpress\/?page_id=2"},"modified":"2026-04-28T09:18:41","modified_gmt":"2026-04-28T09:18:41","slug":"sample-page","status":"publish","type":"page","link":"https:\/\/www.bistro11.cz\/?page_id=2","title":{"rendered":"Kontakt"},"content":{"rendered":"\n<p><strong>Bistro11 s.r.o.<\/strong><\/p>\n\n\n\n<p>provozovna: Dlouh\u00e1 983 , 763 21  Slavi\u010d\u00edn<\/p>\n\n\n\n<p><strong>Otev\u00edrac\u00ed doba: pond\u011bl\u00ed \u2013 p\u00e1tek&nbsp;&nbsp; od 6:00&nbsp; do&nbsp; 14:30<\/strong><\/p>\n\n\n\n<p class=\"has-large-font-size\"><strong>telefon provozovna: 739 658 886<\/strong><\/p>\n\n\n\n<p>e-mail provozovna: adm@bistro11.cz<\/p>\n\n\n\n<p><\/p>\n\n\n\n<p>Odpov\u011bdn\u00fd vedouc\u00ed Kudelov\u00e1 Renata<\/p>\n\n\n\n<p>telefon jednatel: 739285638<\/p>\n\n\n\n<p>e-mail vedouc\u00ed provozu:adm@jh-metal.cz<\/p>\n\n\n\n<p>(e-mail jednatel: josef.hrncirik@jh-metal.cz)<\/p>\n\n\n\n<p><\/p>\n\n\n\n<p><\/p>\n","protected":false},"excerpt":{"rendered":"<p>Bistro11 s.r.o. provozovna: Dlouh\u00e1 983 , 763 21 Slavi\u010d\u00edn Otev\u00edrac\u00ed doba: pond\u011bl\u00ed \u2013 p\u00e1tek&nbsp;&nbsp; od 6:00&nbsp; do&nbsp; 14:30 telefon provozovna: 739 658 886 e-mail provozovna: adm@bistro11.cz Odpov\u011bdn\u00fd vedouc\u00ed Kudelov\u00e1 Renata telefon jednatel: 739285638 e-mail vedouc\u00ed provozu:adm@jh-metal.cz (e-mail jednatel: josef.hrncirik@jh-metal.cz)<\/p>\n","protected":false},"author":1,"featured_media":0,"parent":0,"menu_order":0,"comment_status":"closed","ping_status":"open","template":"","meta":{"footnotes":""},"_links":{"self":[{"href":"https:\/\/www.bistro11.cz\/index.php?rest_route=\/wp\/v2\/pages\/2"}],"collection":[{"href":"https:\/\/www.bistro11.cz\/index.php?rest_route=\/wp\/v2\/pages"}],"about":[{"href":"https:\/\/www.bistro11.cz\/index.php?rest_route=\/wp\/v2\/types\/page"}],"author":[{"embeddable":true,"href":"https:\/\/www.bistro11.cz\/index.php?rest_route=\/wp\/v2\/users\/1"}],"replies":[{"embeddable":true,"href":"https:\/\/www.bistro11.cz\/index.php?rest_route=%2Fwp%2Fv2%2Fcomments&post=2"}],"version-history":[{"count":29,"href":"https:\/\/www.bistro11.cz\/index.php?rest_route=\/wp\/v2\/pages\/2\/revisions"}],"predecessor-version":[{"id":323,"href":"https:\/\/www.bistro11.cz\/index.php?rest_route=\/wp\/v2\/pages\/2\/revisions\/323"}],"wp:attachment":[{"href":"https:\/\/www.bistro11.cz\/index.php?rest_route=%2Fwp%2Fv2%2Fmedia&parent=2"}],"curies":[{"name":"wp","href":"https:\/\/api.w.org\/{rel}","templated":true}]}}