{"id":181,"date":"2024-04-10T16:03:53","date_gmt":"2024-04-10T16:03:53","guid":{"rendered":"https:\/\/www.bistro11.cz\/?page_id=181"},"modified":"2025-07-25T09:30:45","modified_gmt":"2025-07-25T09:30:45","slug":"aktualni-akce","status":"publish","type":"page","link":"https:\/\/www.bistro11.cz\/?page_id=181","title":{"rendered":"Z\u00e1kaznick\u00e1 karta"},"content":{"rendered":"\n<p><strong>V\u00fdhody z\u00e1kaznick\u00e9 karty Bistro11<\/strong><\/p>\n\n\n\n<p>\n<ol>\n<li>Sleva na v\u0161echny produkty 5 % ihned po vyd\u00e1n\u00ed karty.<\/li>\n<li>Mo\u017enost v\u00fdhry ka\u017ed\u00fd rok v prosinci<\/li>\n<\/ol>\n<\/p>\n\n\n\n<p>Z\u00e1kaznick\u00e1 karta se od roku 2025 vyd\u00e1v\u00e1 za nov\u00fdch podm\u00ednek ,<\/p>\n\n\n\n<p>Tyto podm\u00ednky m\u00e1 v ti\u0161t\u011bn\u00e9 podob\u011b k nahl\u00e9dnut\u00ed person\u00e1l BISTRO11.<\/p>\n\n\n\n<p>V p\u0159\u00edpad\u011b ztr\u00e1ty karty bude nov\u00e1 karta vyd\u00e1na za poplatek 50,-K\u010d<\/p>\n\n\n\n<p>Podm\u00ednky:<\/p>\n\n\n\n<p>Slevov\u00e9 karty budou m\u00edt platnou 5% slevu pouze v p\u0159\u00edpad\u011b, \u017ee \u00fatrata za \u010dtvrtlet\u00ed bude \u010dinit 2000,-K\u010d celkem po slev\u00e1ch.<\/p>\n\n\n\n<p>Znamen\u00e1 to \u017ee pokud z\u00e1kazn\u00edk p\u0159ijde 15x za \u010dtvrtlet\u00ed na ob\u011bd nebo provede jakoukoliv \u00fatratu, kter\u00e1 bude odpov\u00eddat v\u00fd\u0161e uveden\u00e9 podm\u00ednce tak mu 5% sleva z\u016fst\u00e1v\u00e1 i pro dal\u0161\u00ed obdob\u00ed.<\/p>\n","protected":false},"excerpt":{"rendered":"<p>V\u00fdhody z\u00e1kaznick\u00e9 karty Bistro11 Sleva na v\u0161echny produkty 5 % ihned po vyd\u00e1n\u00ed karty. Mo\u017enost v\u00fdhry ka\u017ed\u00fd rok v prosinci Z\u00e1kaznick\u00e1 karta se od roku 2025 vyd\u00e1v\u00e1 za nov\u00fdch podm\u00ednek , Tyto podm\u00ednky m\u00e1 v ti\u0161t\u011bn\u00e9 podob\u011b k nahl\u00e9dnut\u00ed person\u00e1l BISTRO11. V p\u0159\u00edpad\u011b ztr\u00e1ty karty bude nov\u00e1 karta vyd\u00e1na za poplatek 50,-K\u010d Podm\u00ednky: Slevov\u00e9 karty [&hellip;]<\/p>\n","protected":false},"author":1,"featured_media":0,"parent":0,"menu_order":0,"comment_status":"closed","ping_status":"closed","template":"","meta":{"footnotes":""},"_links":{"self":[{"href":"https:\/\/www.bistro11.cz\/index.php?rest_route=\/wp\/v2\/pages\/181"}],"collection":[{"href":"https:\/\/www.bistro11.cz\/index.php?rest_route=\/wp\/v2\/pages"}],"about":[{"href":"https:\/\/www.bistro11.cz\/index.php?rest_route=\/wp\/v2\/types\/page"}],"author":[{"embeddable":true,"href":"https:\/\/www.bistro11.cz\/index.php?rest_route=\/wp\/v2\/users\/1"}],"replies":[{"embeddable":true,"href":"https:\/\/www.bistro11.cz\/index.php?rest_route=%2Fwp%2Fv2%2Fcomments&post=181"}],"version-history":[{"count":18,"href":"https:\/\/www.bistro11.cz\/index.php?rest_route=\/wp\/v2\/pages\/181\/revisions"}],"predecessor-version":[{"id":317,"href":"https:\/\/www.bistro11.cz\/index.php?rest_route=\/wp\/v2\/pages\/181\/revisions\/317"}],"wp:attachment":[{"href":"https:\/\/www.bistro11.cz\/index.php?rest_route=%2Fwp%2Fv2%2Fmedia&parent=181"}],"curies":[{"name":"wp","href":"https:\/\/api.w.org\/{rel}","templated":true}]}}