{"id":117,"date":"2023-11-21T07:43:38","date_gmt":"2023-11-21T07:43:38","guid":{"rendered":"https:\/\/www.bistro11.cz\/?page_id=117"},"modified":"2024-09-02T17:32:31","modified_gmt":"2024-09-02T17:32:31","slug":"catering","status":"publish","type":"page","link":"https:\/\/www.bistro11.cz\/?page_id=117","title":{"rendered":"CATERING"},"content":{"rendered":"\n<p>Na zak\u00e1zku vyr\u00e1b\u00edme oblo\u017een\u00e9 m\u00edsy a rauty, p\u0159\u00edpadn\u011b jsme schopni zajistit ob\u010derstven\u00ed na men\u0161\u00edch oslav\u00e1ch.<\/p>\n\n\n\n<p>Ve vlastn\u00edch prostorech Bistra jsme schopni po\u0159\u00e1dat akce s po\u010dtem osob do 50.<\/p>\n\n\n\n<p>Firemn\u00ed akce s tematikou zakon\u010den\u00ed roku apod.<\/p>\n\n\n\n<p><\/p>\n\n\n\n<figure class=\"wp-block-image size-large\"><img decoding=\"async\" loading=\"lazy\" width=\"1024\" height=\"766\" src=\"http:\/\/www.bistro11.cz\/wp-content\/uploads\/2023\/11\/received_1420845985134480-1024x766.jpeg\" alt=\"\" class=\"wp-image-122\" srcset=\"https:\/\/www.bistro11.cz\/wp-content\/uploads\/2023\/11\/received_1420845985134480-1024x766.jpeg 1024w, https:\/\/www.bistro11.cz\/wp-content\/uploads\/2023\/11\/received_1420845985134480-300x224.jpeg 300w, https:\/\/www.bistro11.cz\/wp-content\/uploads\/2023\/11\/received_1420845985134480-768x574.jpeg 768w, https:\/\/www.bistro11.cz\/wp-content\/uploads\/2023\/11\/received_1420845985134480-1536x1149.jpeg 1536w, https:\/\/www.bistro11.cz\/wp-content\/uploads\/2023\/11\/received_1420845985134480-1240x928.jpeg 1240w, https:\/\/www.bistro11.cz\/wp-content\/uploads\/2023\/11\/received_1420845985134480-508x380.jpeg 508w, https:\/\/www.bistro11.cz\/wp-content\/uploads\/2023\/11\/received_1420845985134480.jpeg 2000w\" sizes=\"(max-width: 1024px) 100vw, 1024px\" \/><\/figure>\n\n\n\n<figure class=\"wp-block-image size-large\"><img decoding=\"async\" loading=\"lazy\" width=\"675\" height=\"1024\" src=\"http:\/\/www.bistro11.cz\/wp-content\/uploads\/2023\/11\/received_1064510641566129-675x1024.jpeg\" alt=\"\" class=\"wp-image-120\" srcset=\"https:\/\/www.bistro11.cz\/wp-content\/uploads\/2023\/11\/received_1064510641566129-675x1024.jpeg 675w, https:\/\/www.bistro11.cz\/wp-content\/uploads\/2023\/11\/received_1064510641566129-198x300.jpeg 198w, https:\/\/www.bistro11.cz\/wp-content\/uploads\/2023\/11\/received_1064510641566129-768x1165.jpeg 768w, https:\/\/www.bistro11.cz\/wp-content\/uploads\/2023\/11\/received_1064510641566129-1012x1536.jpeg 1012w, https:\/\/www.bistro11.cz\/wp-content\/uploads\/2023\/11\/received_1064510641566129-1240x1882.jpeg 1240w, https:\/\/www.bistro11.cz\/wp-content\/uploads\/2023\/11\/received_1064510641566129-508x771.jpeg 508w, https:\/\/www.bistro11.cz\/wp-content\/uploads\/2023\/11\/received_1064510641566129.jpeg 1293w\" sizes=\"(max-width: 675px) 100vw, 675px\" \/><\/figure>\n\n\n\n<figure class=\"wp-block-image size-large\"><img decoding=\"async\" loading=\"lazy\" width=\"1024\" height=\"766\" src=\"http:\/\/www.bistro11.cz\/wp-content\/uploads\/2023\/11\/received_778810964005351-1024x766.jpeg\" alt=\"\" class=\"wp-image-119\" srcset=\"https:\/\/www.bistro11.cz\/wp-content\/uploads\/2023\/11\/received_778810964005351-1024x766.jpeg 1024w, https:\/\/www.bistro11.cz\/wp-content\/uploads\/2023\/11\/received_778810964005351-300x224.jpeg 300w, https:\/\/www.bistro11.cz\/wp-content\/uploads\/2023\/11\/received_778810964005351-768x574.jpeg 768w, https:\/\/www.bistro11.cz\/wp-content\/uploads\/2023\/11\/received_778810964005351-1536x1149.jpeg 1536w, https:\/\/www.bistro11.cz\/wp-content\/uploads\/2023\/11\/received_778810964005351-1240x928.jpeg 1240w, https:\/\/www.bistro11.cz\/wp-content\/uploads\/2023\/11\/received_778810964005351-508x380.jpeg 508w, https:\/\/www.bistro11.cz\/wp-content\/uploads\/2023\/11\/received_778810964005351.jpeg 2000w\" sizes=\"(max-width: 1024px) 100vw, 1024px\" \/><\/figure>\n\n\n\n<figure class=\"wp-block-image size-large\"><img decoding=\"async\" loading=\"lazy\" width=\"1024\" height=\"768\" src=\"https:\/\/www.bistro11.cz\/wp-content\/uploads\/2024\/09\/IMG_2201-1024x768.jpeg\" alt=\"\" class=\"wp-image-275\" srcset=\"https:\/\/www.bistro11.cz\/wp-content\/uploads\/2024\/09\/IMG_2201-1024x768.jpeg 1024w, https:\/\/www.bistro11.cz\/wp-content\/uploads\/2024\/09\/IMG_2201-300x225.jpeg 300w, https:\/\/www.bistro11.cz\/wp-content\/uploads\/2024\/09\/IMG_2201-768x576.jpeg 768w, https:\/\/www.bistro11.cz\/wp-content\/uploads\/2024\/09\/IMG_2201-1536x1152.jpeg 1536w, https:\/\/www.bistro11.cz\/wp-content\/uploads\/2024\/09\/IMG_2201-2048x1536.jpeg 2048w, https:\/\/www.bistro11.cz\/wp-content\/uploads\/2024\/09\/IMG_2201-1240x930.jpeg 1240w, https:\/\/www.bistro11.cz\/wp-content\/uploads\/2024\/09\/IMG_2201-508x381.jpeg 508w\" sizes=\"(max-width: 1024px) 100vw, 1024px\" \/><\/figure>\n\n\n\n<figure class=\"wp-block-image size-large\"><img decoding=\"async\" loading=\"lazy\" width=\"768\" height=\"1024\" src=\"https:\/\/www.bistro11.cz\/wp-content\/uploads\/2024\/09\/IMG_2197-768x1024.jpeg\" alt=\"\" class=\"wp-image-277\" srcset=\"https:\/\/www.bistro11.cz\/wp-content\/uploads\/2024\/09\/IMG_2197-768x1024.jpeg 768w, https:\/\/www.bistro11.cz\/wp-content\/uploads\/2024\/09\/IMG_2197-225x300.jpeg 225w, https:\/\/www.bistro11.cz\/wp-content\/uploads\/2024\/09\/IMG_2197-1152x1536.jpeg 1152w, https:\/\/www.bistro11.cz\/wp-content\/uploads\/2024\/09\/IMG_2197-1536x2048.jpeg 1536w, https:\/\/www.bistro11.cz\/wp-content\/uploads\/2024\/09\/IMG_2197-1240x1653.jpeg 1240w, https:\/\/www.bistro11.cz\/wp-content\/uploads\/2024\/09\/IMG_2197-508x677.jpeg 508w, https:\/\/www.bistro11.cz\/wp-content\/uploads\/2024\/09\/IMG_2197-scaled.jpeg 1920w\" sizes=\"(max-width: 768px) 100vw, 768px\" \/><\/figure>\n","protected":false},"excerpt":{"rendered":"<p>Na zak\u00e1zku vyr\u00e1b\u00edme oblo\u017een\u00e9 m\u00edsy a rauty, p\u0159\u00edpadn\u011b jsme schopni zajistit ob\u010derstven\u00ed na men\u0161\u00edch oslav\u00e1ch. Ve vlastn\u00edch prostorech Bistra jsme schopni po\u0159\u00e1dat akce s po\u010dtem osob do 50. Firemn\u00ed akce s tematikou zakon\u010den\u00ed roku apod.<\/p>\n","protected":false},"author":1,"featured_media":0,"parent":0,"menu_order":0,"comment_status":"closed","ping_status":"closed","template":"","meta":{"footnotes":""},"_links":{"self":[{"href":"https:\/\/www.bistro11.cz\/index.php?rest_route=\/wp\/v2\/pages\/117"}],"collection":[{"href":"https:\/\/www.bistro11.cz\/index.php?rest_route=\/wp\/v2\/pages"}],"about":[{"href":"https:\/\/www.bistro11.cz\/index.php?rest_route=\/wp\/v2\/types\/page"}],"author":[{"embeddable":true,"href":"https:\/\/www.bistro11.cz\/index.php?rest_route=\/wp\/v2\/users\/1"}],"replies":[{"embeddable":true,"href":"https:\/\/www.bistro11.cz\/index.php?rest_route=%2Fwp%2Fv2%2Fcomments&post=117"}],"version-history":[{"count":6,"href":"https:\/\/www.bistro11.cz\/index.php?rest_route=\/wp\/v2\/pages\/117\/revisions"}],"predecessor-version":[{"id":278,"href":"https:\/\/www.bistro11.cz\/index.php?rest_route=\/wp\/v2\/pages\/117\/revisions\/278"}],"wp:attachment":[{"href":"https:\/\/www.bistro11.cz\/index.php?rest_route=%2Fwp%2Fv2%2Fmedia&parent=117"}],"curies":[{"name":"wp","href":"https:\/\/api.w.org\/{rel}","templated":true}]}}