{"id":105,"date":"2023-11-18T11:25:02","date_gmt":"2023-11-18T11:25:02","guid":{"rendered":"https:\/\/www.bistro11.cz\/?page_id=105"},"modified":"2025-07-25T09:28:22","modified_gmt":"2025-07-25T09:28:22","slug":"neco-malo-o-nas","status":"publish","type":"page","link":"https:\/\/www.bistro11.cz\/?page_id=105","title":{"rendered":"N\u011bco m\u00e1lo o n\u00e1s"},"content":{"rendered":"\n<div class=\"wp-block-group is-vertical is-layout-flex wp-container-1 wp-block-group-is-layout-flex\">\n<p>Ji\u017e velmi dlouho mi ve Slavi\u010d\u00edn\u011b chyb\u011bl provoz, jen\u017e by koncepc\u00ed p\u0159ipom\u00ednal klasickou j\u00eddelnu.<\/p>\n\n\n\n<p class=\"has-text-align-left\">M\u00edsto, kde se d\u00e1 nasn\u00eddat, posva\u010dit, naob\u011bdvat p\u0159\u00edpadn\u011b odpoledne posed\u011bt u k\u00e1vy a z\u00e1kusku.<\/p>\n\n\n\n<p>M\u00edsto, kde se hlavn\u00ed produkty p\u0159\u00edmo vyr\u00e1b\u00ed a ne jenom dov\u00e1\u017e\u00ed.<\/p>\n\n\n\n<p>M\u00edsto, kde si v klidu m\u016f\u017ee zaj\u00edt na j\u00eddlo i \u0159emesln\u00edk v pracovn\u00edm oble\u010den\u00ed bez strachu, \u017ee ho obsluha vyk\u00e1\u017ee.<\/p>\n\n\n\n<p>M\u00edsto, kde si m\u016f\u017ee j\u00edt rodina s mal\u00fdmi d\u011btmi v klidu sednout a neb\u00e1t se \u0161kod a ve\u0159ejn\u00e9ho pohor\u0161en\u00ed, \u017ee jsou d\u011bti hlu\u010dn\u00e9.<\/p>\n\n\n\n<p>M\u00edsto, kter\u00e9 je tady hlavn\u011b pro lidi.<\/p>\n\n\n\n<p>Na\u0161\u00edm c\u00edlem je vybudovat si st\u00e1lou klientelu a o tuto klientelu pe\u010dovat s nejvy\u0161\u0161\u00edm \u00fasil\u00edm.<\/p>\n\n\n\n<p> <\/p>\n<\/div>\n\n\n\n<figure class=\"wp-block-image size-large\"><img decoding=\"async\" loading=\"lazy\" width=\"1024\" height=\"769\" src=\"http:\/\/www.bistro11.cz\/wp-content\/uploads\/2023\/11\/IMG_20231118_115238_932-1024x769.jpg\" alt=\"\" class=\"wp-image-97\" srcset=\"https:\/\/www.bistro11.cz\/wp-content\/uploads\/2023\/11\/IMG_20231118_115238_932-1024x769.jpg 1024w, https:\/\/www.bistro11.cz\/wp-content\/uploads\/2023\/11\/IMG_20231118_115238_932-300x225.jpg 300w, https:\/\/www.bistro11.cz\/wp-content\/uploads\/2023\/11\/IMG_20231118_115238_932-768x577.jpg 768w, https:\/\/www.bistro11.cz\/wp-content\/uploads\/2023\/11\/IMG_20231118_115238_932-1240x931.jpg 1240w, https:\/\/www.bistro11.cz\/wp-content\/uploads\/2023\/11\/IMG_20231118_115238_932-508x381.jpg 508w\" sizes=\"(max-width: 1024px) 100vw, 1024px\" \/><\/figure>\n\n\n\n<figure class=\"wp-block-image size-large\"><img decoding=\"async\" loading=\"lazy\" width=\"1024\" height=\"769\" src=\"http:\/\/www.bistro11.cz\/wp-content\/uploads\/2023\/11\/IMG_20231118_115401_875-1024x769.jpg\" alt=\"\" class=\"wp-image-100\" srcset=\"https:\/\/www.bistro11.cz\/wp-content\/uploads\/2023\/11\/IMG_20231118_115401_875-1024x769.jpg 1024w, https:\/\/www.bistro11.cz\/wp-content\/uploads\/2023\/11\/IMG_20231118_115401_875-300x225.jpg 300w, https:\/\/www.bistro11.cz\/wp-content\/uploads\/2023\/11\/IMG_20231118_115401_875-768x577.jpg 768w, https:\/\/www.bistro11.cz\/wp-content\/uploads\/2023\/11\/IMG_20231118_115401_875-1240x931.jpg 1240w, https:\/\/www.bistro11.cz\/wp-content\/uploads\/2023\/11\/IMG_20231118_115401_875-508x381.jpg 508w\" sizes=\"(max-width: 1024px) 100vw, 1024px\" \/><\/figure>\n\n\n\n<figure class=\"wp-block-image size-large\"><img decoding=\"async\" loading=\"lazy\" width=\"1024\" height=\"769\" src=\"http:\/\/www.bistro11.cz\/wp-content\/uploads\/2023\/11\/IMG_20231118_115334_999-1024x769.jpg\" alt=\"\" class=\"wp-image-99\" srcset=\"https:\/\/www.bistro11.cz\/wp-content\/uploads\/2023\/11\/IMG_20231118_115334_999-1024x769.jpg 1024w, https:\/\/www.bistro11.cz\/wp-content\/uploads\/2023\/11\/IMG_20231118_115334_999-300x225.jpg 300w, https:\/\/www.bistro11.cz\/wp-content\/uploads\/2023\/11\/IMG_20231118_115334_999-768x577.jpg 768w, https:\/\/www.bistro11.cz\/wp-content\/uploads\/2023\/11\/IMG_20231118_115334_999-1240x931.jpg 1240w, https:\/\/www.bistro11.cz\/wp-content\/uploads\/2023\/11\/IMG_20231118_115334_999-508x381.jpg 508w\" sizes=\"(max-width: 1024px) 100vw, 1024px\" \/><\/figure>\n","protected":false},"excerpt":{"rendered":"<p>Ji\u017e velmi dlouho mi ve Slavi\u010d\u00edn\u011b chyb\u011bl provoz, jen\u017e by koncepc\u00ed p\u0159ipom\u00ednal klasickou j\u00eddelnu. M\u00edsto, kde se d\u00e1 nasn\u00eddat, posva\u010dit, naob\u011bdvat p\u0159\u00edpadn\u011b odpoledne posed\u011bt u k\u00e1vy a z\u00e1kusku. M\u00edsto, kde se hlavn\u00ed produkty p\u0159\u00edmo vyr\u00e1b\u00ed a ne jenom dov\u00e1\u017e\u00ed. M\u00edsto, kde si v klidu m\u016f\u017ee zaj\u00edt na j\u00eddlo i \u0159emesln\u00edk v pracovn\u00edm oble\u010den\u00ed bez strachu, [&hellip;]<\/p>\n","protected":false},"author":1,"featured_media":0,"parent":0,"menu_order":0,"comment_status":"closed","ping_status":"closed","template":"","meta":{"footnotes":""},"_links":{"self":[{"href":"https:\/\/www.bistro11.cz\/index.php?rest_route=\/wp\/v2\/pages\/105"}],"collection":[{"href":"https:\/\/www.bistro11.cz\/index.php?rest_route=\/wp\/v2\/pages"}],"about":[{"href":"https:\/\/www.bistro11.cz\/index.php?rest_route=\/wp\/v2\/types\/page"}],"author":[{"embeddable":true,"href":"https:\/\/www.bistro11.cz\/index.php?rest_route=\/wp\/v2\/users\/1"}],"replies":[{"embeddable":true,"href":"https:\/\/www.bistro11.cz\/index.php?rest_route=%2Fwp%2Fv2%2Fcomments&post=105"}],"version-history":[{"count":9,"href":"https:\/\/www.bistro11.cz\/index.php?rest_route=\/wp\/v2\/pages\/105\/revisions"}],"predecessor-version":[{"id":315,"href":"https:\/\/www.bistro11.cz\/index.php?rest_route=\/wp\/v2\/pages\/105\/revisions\/315"}],"wp:attachment":[{"href":"https:\/\/www.bistro11.cz\/index.php?rest_route=%2Fwp%2Fv2%2Fmedia&parent=105"}],"curies":[{"name":"wp","href":"https:\/\/api.w.org\/{rel}","templated":true}]}}